{"id":487,"date":"2016-10-13T13:21:45","date_gmt":"2016-10-13T13:21:45","guid":{"rendered":"http:\/\/www.nicdarkthemes.com\/themes\/wedding\/wp\/demo\/wedding-planner\/?page_id=487"},"modified":"2025-10-21T11:58:17","modified_gmt":"2025-10-21T09:58:17","slug":"kontakt","status":"publish","type":"page","link":"https:\/\/chris-der-hochzeits-dj.de\/en_en\/kontakt\/","title":{"rendered":"Whrite a line"},"content":{"rendered":"<p>[vc_row][vc_column width=&#8220;1\/2&#8243; css=&#8220;.vc_custom_1467214267244{padding-top: 10px !important;padding-bottom: 10px !important;}&#8220;] <h3 style=\"color:; padding:px; text-align:; font-size:20px; line-height:20px; letter-spacing: px; font-weight:bold;\" class=\"nd_options_first_font\">Message to me<\/h3> <div style=\"background-color:; height: 20px;\" class=\"nicdark_section\"><\/div>\n\n    <style>\n\n    #nd_options_shortcode_cf7_497 input[type=\"text\"],\n    #nd_options_shortcode_cf7_497 input[type=\"email\"],\n    #nd_options_shortcode_cf7_497 input[type=\"url\"],\n    #nd_options_shortcode_cf7_497 input[type=\"tel\"],\n    #nd_options_shortcode_cf7_497 input[type=\"number\"],\n    #nd_options_shortcode_cf7_497 input[type=\"date\"],\n    #nd_options_shortcode_cf7_497 input[type=\"checkbox\"],\n    #nd_options_shortcode_cf7_497 input[type=\"file\"],\n    #nd_options_shortcode_cf7_497 textarea,\n    #nd_options_shortcode_cf7_497 label,\n    #nd_options_shortcode_cf7_497 select\n    {\n\n      width: 100%;\n\n    }\n\n\n    .nd_options_customizer_forms span.wpcf7-not-valid-tip,\n    .nd_options_customizer_forms .wpcf7-response-output.wpcf7-validation-errors,\n    .nd_options_customizer_forms .wpcf7-response-output.wpcf7-mail-sent-ok\n    {\n\n      float: left;\n      width: 100%;\n      box-sizing: border-box;\n\n    }\n\n    <\/style>\n\n  \n\n    <!--start form-->\n    <div id=\"nd_options_shortcode_cf7_497\" class=\"nd_options_section\">\n      \n      <div class=\"nd_options_section nd_options_box_sizing_border_box\">\n        <div role=\"form\" class=\"wpcf7\" id=\"wpcf7-f497-o1\" lang=\"en-US\" dir=\"ltr\">\n<div class=\"screen-reader-response\" aria-live=\"polite\"><\/div>\n<form action=\"\/en_en\/wp-json\/wp\/v2\/pages\/487#wpcf7-f497-o1\" method=\"post\" class=\"wpcf7-form wpcf7-acceptance-as-validation\" novalidate=\"novalidate\" data-trp-original-action=\"\/en_en\/wp-json\/wp\/v2\/pages\/487#wpcf7-f497-o1\">\n<div style=\"display: none;\">\n<input type=\"hidden\" name=\"_wpcf7\" value=\"497\" \/>\n<input type=\"hidden\" name=\"_wpcf7_version\" value=\"5.1.8\" \/>\n<input type=\"hidden\" name=\"_wpcf7_locale\" value=\"en_US\" \/>\n<input type=\"hidden\" name=\"_wpcf7_unit_tag\" value=\"wpcf7-f497-o1\" \/>\n<input type=\"hidden\" name=\"_wpcf7_container_post\" value=\"0\" \/>\n<input type=\"hidden\" name=\"g-recaptcha-response\" value=\"\" \/>\n<\/div>\n<div class=\"form_half\"><div class=\"nd_options_float_left nd_options_box_sizing_border_box nd_options_width_100_percentage_all_iphone_important nd_options_padding_0_right_important_all_iphone nd_options_padding_0_left_important_all_iphone\" style=\"padding: 10px 0px; width:100%;\" ><span class=\"wpcf7-form-control-wrap your-name\"><input type=\"text\" name=\"your-name\" value=\"\" size=\"40\" class=\"wpcf7-form-control wpcf7-text wpcf7-validates-as-required\" aria-required=\"true\" aria-invalid=\"false\" placeholder=\"Your name *\" \/><\/span><\/div><\/div>\n<div class=\"form_half form_half_last\"><div class=\"nd_options_float_left nd_options_box_sizing_border_box nd_options_width_100_percentage_all_iphone_important nd_options_padding_0_right_important_all_iphone nd_options_padding_0_left_important_all_iphone\" style=\"padding: 10px 0px; width:100%;\" ><span class=\"wpcf7-form-control-wrap your-email\"><input type=\"email\" name=\"your-email\" value=\"\" size=\"40\" class=\"wpcf7-form-control wpcf7-text wpcf7-email wpcf7-validates-as-required wpcf7-validates-as-email\" aria-required=\"true\" aria-invalid=\"false\" placeholder=\"Your e-mail *\" \/><\/span><\/div><\/div>\n<div class=\"form_half\"><div class=\"nd_options_float_left nd_options_box_sizing_border_box nd_options_width_100_percentage_all_iphone_important nd_options_padding_0_right_important_all_iphone nd_options_padding_0_left_important_all_iphone\" style=\"padding: 10px 0px; width:100%;\" ><span class=\"wpcf7-form-control-wrap tel-697\"><input type=\"tel\" name=\"tel-697\" value=\"\" size=\"40\" class=\"wpcf7-form-control wpcf7-text wpcf7-tel wpcf7-validates-as-required wpcf7-validates-as-tel\" aria-required=\"true\" aria-invalid=\"false\" placeholder=\"Your number *\" \/><\/span><\/div><\/div>\n<div class=\"form_half form_half_last\"><div class=\"nd_options_float_left nd_options_box_sizing_border_box nd_options_width_100_percentage_all_iphone_important nd_options_padding_0_right_important_all_iphone nd_options_padding_0_left_important_all_iphone\" style=\"padding: 10px 0px; width:100%;\" ><span class=\"wpcf7-form-control-wrap text-date\"><input type=\"text\" name=\"text-date\" value=\"\" size=\"40\" class=\"wpcf7-form-control wpcf7-text wpcf7-validates-as-required\" aria-required=\"true\" aria-invalid=\"false\" placeholder=\"Wedding Date z.B 01.05.2020\" \/><\/span><\/div><\/div>\n<div class=\"nd_options_float_left nd_options_box_sizing_border_box nd_options_width_100_percentage_all_iphone_important nd_options_padding_0_right_important_all_iphone nd_options_padding_0_left_important_all_iphone\" style=\"padding: 10px 0px; width:100%;\" ><span class=\"wpcf7-form-control-wrap text-788\"><input type=\"text\" name=\"text-788\" value=\"\" size=\"40\" class=\"wpcf7-form-control wpcf7-text wpcf7-validates-as-required\" aria-required=\"true\" aria-invalid=\"false\" placeholder=\"Location *\" \/><\/span><\/div><br \/>\n<div class=\"nd_options_float_left nd_options_box_sizing_border_box nd_options_width_100_percentage_all_iphone_important nd_options_padding_0_right_important_all_iphone nd_options_padding_0_left_important_all_iphone\" style=\"padding: 10px 0px; width:100%;\" ><span class=\"wpcf7-form-control-wrap your-message\"><textarea name=\"your-message\" cols=\"40\" rows=\"6\" class=\"wpcf7-form-control wpcf7-textarea\" aria-invalid=\"false\" placeholder=\"Message\"><\/textarea><\/span><\/div><br \/>\n<div class=\"nd_options_float_left nd_options_box_sizing_border_box nd_options_width_100_percentage_all_iphone_important nd_options_padding_0_right_important_all_iphone nd_options_padding_0_left_important_all_iphone\" style=\"padding: 10px 0px; width:100%;\" >Please note that the fields marked with * are mandatory fields and must be filled in to send your request.<\/div><br \/>\n<div class=\"nd_options_float_left nd_options_box_sizing_border_box nd_options_width_100_percentage_all_iphone_important nd_options_padding_0_right_important_all_iphone nd_options_padding_0_left_important_all_iphone\" style=\"padding: 10px 0px; width:100%;\" ><span class=\"wpcf7-form-control-wrap dsgvo-clw\"><span class=\"wpcf7-form-control wpcf7-acceptance\"><span class=\"wpcf7-list-item\"><label><input type=\"checkbox\" name=\"dsgvo-clw\" value=\"1\" aria-invalid=\"false\" \/><span class=\"wpcf7-list-item-label\">Ich willige ein, dass meine Angaben, Name, Vorname, E-Mail-Adresse, Telefon sowie meine Nachricht, ausschlie\u00dflich zum Zwecke der Bearbeitung und Abwicklung meiner Anfrage verarbeitet werden. Diese Daten werden von uns auf der Grundlage Ihrer Einwilligung gem\u00e4\u00df Art. 6 Abs. 1 a) DSGVO verarbeitet.<\/span><\/label><\/span><\/span><\/span><\/div><br \/>\n<div class=\"nd_options_float_left nd_options_box_sizing_border_box nd_options_width_100_percentage_all_iphone_important nd_options_padding_0_right_important_all_iphone nd_options_padding_0_left_important_all_iphone\" style=\"padding: 10px 0px; width:100%;\" ><input type=\"submit\" value=\"Send\" class=\"wpcf7-form-control wpcf7-submit\" \/><\/div>\n<div class=\"wpcf7-response-output wpcf7-display-none\" aria-hidden=\"true\"><\/div><input type=\"hidden\" name=\"trp-form-language\" value=\"en_en\"\/><\/form><\/div> \n      <\/div>  \n\n    <\/div>\n    <!--end form-->\n\n   [\/vc_column][vc_column width=&#8220;1\/2&#8243; css=&#8220;.vc_custom_1467214272039{padding-top: 10px !important;padding-bottom: 10px !important;}&#8220;] <h3 style=\"color:; padding:px; text-align:; font-size:20px; line-height:20px; letter-spacing: px; font-weight:bold;\" class=\"nd_options_first_font\">Important data<\/h3> <div style=\"background-color:; height: 20px;\" class=\"nicdark_section\"><\/div>[vc_column_text]Haben Sie Fragen oder w\u00fcnschen Sie einen Termin? Dann bin ich gerne f\u00fcr Sie da und berate Sie zu den M\u00f6glichkeiten eines passenden musikalischen Rahmens f\u00fcr Ihre Veranstaltung. Nutzen Sie doch gleich mein Anfrageformular f\u00fcr Ihre unverbindliche Kontaktaufnahme.[\/vc_column_text][vc_row_inner][vc_column_inner]<div style=\"background-color:#f1f1f1; height: 2px;\" class=\"nicdark_section\"><\/div>\n\n\n  <div class=\"nd_options_section  nd_options_display_table\">\n    <div class=\"nd_options_display_table_cell nd_options_vertical_align_middle nd_options_width_50_percentage nd_options_text_align_left nd_options_padding_10 nd_options_box_sizing_border_box\">\n      <h6 class=\"nd_options_first_font nd_options_margin_0 nd_options_padding_0\" style=\"color:;\">EMAIL:<\/h6>\n    <\/div>\n    <div class=\"nd_options_display_table_cell nd_options_vertical_align_middle nd_options_width_50_percentage nd_options_text_align_right nd_options_padding_10 nd_options_box_sizing_border_box\">\n      <p class=\"nd_options_second_font nd_options_margin_0 nd_options_padding_0\" style=\"color:#a4a4a4;\">kontakt@chris-der-hochzeits-dj.de<\/p>\n    <\/div>\n  <\/div>\n\n\n   <div style=\"background-color:#f1f1f1; height: 2px;\" class=\"nicdark_section\"><\/div>\n\n\n  <div class=\"nd_options_section  nd_options_display_table\">\n    <div class=\"nd_options_display_table_cell nd_options_vertical_align_middle nd_options_width_50_percentage nd_options_text_align_left nd_options_padding_10 nd_options_box_sizing_border_box\">\n      <h6 class=\"nd_options_first_font nd_options_margin_0 nd_options_padding_0\" style=\"color:;\">FACEBOOK:<\/h6>\n    <\/div>\n    <div class=\"nd_options_display_table_cell nd_options_vertical_align_middle nd_options_width_50_percentage nd_options_text_align_right nd_options_padding_10 nd_options_box_sizing_border_box\">\n      <p class=\"nd_options_second_font nd_options_margin_0 nd_options_padding_0\" style=\"color:#a4a4a4;\">www.facebook.com\/chrisderhochzeitsdj<\/p>\n    <\/div>\n  <\/div>\n\n\n   <div style=\"background-color:#f1f1f1; height: 2px;\" class=\"nicdark_section\"><\/div>\n\n\n  <div class=\"nd_options_section  nd_options_display_table\">\n    <div class=\"nd_options_display_table_cell nd_options_vertical_align_middle nd_options_width_50_percentage nd_options_text_align_left nd_options_padding_10 nd_options_box_sizing_border_box\">\n      <h6 class=\"nd_options_first_font nd_options_margin_0 nd_options_padding_0\" style=\"color:;\">GOOGLE:<\/h6>\n    <\/div>\n    <div class=\"nd_options_display_table_cell nd_options_vertical_align_middle nd_options_width_50_percentage nd_options_text_align_right nd_options_padding_10 nd_options_box_sizing_border_box\">\n      <p class=\"nd_options_second_font nd_options_margin_0 nd_options_padding_0\" style=\"color:#a4a4a4;\">www.g.page\/hochzeitsdjchris?we<\/p>\n    <\/div>\n  <\/div>\n\n\n   <div style=\"background-color:#f1f1f1; height: 2px;\" class=\"nicdark_section\"><\/div>[\/vc_column_inner][\/vc_row_inner]<div style=\"background-color:; height: 40px;\" class=\"nicdark_section\"><\/div> <h4 style=\"color:#a4a4a4; padding:px; text-align:; font-size:20px; line-height:20px; letter-spacing: px; font-weight:lighter;\" class=\"nd_options_first_font\">REACHABLE UNDER<\/h4> <div style=\"background-color:; height: 10px;\" class=\"nicdark_section\"><\/div> <h4 style=\"color:; padding:px; text-align:; font-size:60px; line-height:60px; letter-spacing: px; font-weight:normal;\" class=\"nd_options_first_font\">+49 (0) 179 261 72 25<\/h4> <div style=\"background-color:; height: 40px;\" class=\"nicdark_section\"><\/div>[vc_row_inner][vc_column_inner width=&#8220;1\/4&#8243;][vc_icon icon_fontawesome=&#8220;fab fa-facebook-square&#8220; align=&#8220;center&#8220; link=&#8220;url:https%3A%2F%2Fwww.facebook.com%2Fchrisderhochzeitsdj%2F||target:%20_blank|&#8220;][\/vc_column_inner][vc_column_inner width=&#8220;1\/4&#8243;][vc_icon icon_fontawesome=&#8220;fab fa-google-plus&#8220; color=&#8220;juicy_pink&#8220; align=&#8220;center&#8220; link=&#8220;url:https%3A%2F%2Fwww.google.com%2Fmaps%2Fplace%2FChris%2Bder%2BHochzeits%2BDJ%2F%4048.4068451%2C9.259715%2C8z%2Fdata%3D!3m1!4b1!4m5!3m4!1s0x47995f4746d6a23b%3A0x1bed6a2d53d1799b!8m2!3d48.41229!4d10.3807404||target:%20_blank|&#8220;][\/vc_column_inner][vc_column_inner width=&#8220;1\/4&#8243;][vc_icon icon_fontawesome=&#8220;fab fa-vimeo-square&#8220; color=&#8220;sky&#8220; align=&#8220;center&#8220; link=&#8220;url:https%3A%2F%2Fvimeo.com%2Fuser117765298||target:%20_blank|&#8220;][\/vc_column_inner][vc_column_inner width=&#8220;1\/4&#8243;][vc_icon icon_fontawesome=&#8220;fab fa-youtube-square&#8220; color=&#8220;juicy_pink&#8220; align=&#8220;center&#8220; link=&#8220;url:https%3A%2F%2Fwww.youtube.com%2Fchannel%2FUCFq0GRIMC1IxTbw5yZZhosQ||target:%20_blank|&#8220;][\/vc_column_inner][\/vc_row_inner][\/vc_column][\/vc_row][vc_row][vc_column]\n\n\n  <div class=\"nd_options_section\">\n    \n        <div class=\"nd_options_section nd_options_height_120\"><\/div>                     \n\n        <!--start image-->\n        <div class=\"nd_options_bg_white nd_options_border_bottom_width_0 nd_options_border_4_solid_grey nd_options_section nd_options_box_sizing_border_box nd_options_border_radius_5_5_0_0 nd_options_text_align_center\">\n\n            <img width=\"230px;\" alt=\"\" class=\"nd_options_rotate nd_options_margin_top_negative_120\" src=\"https:\/\/chris-der-hochzeits-dj.de\/wp-content\/uploads\/2022\/11\/2022-hochzeitsfotos-sonja-u-chris-84-682x1024.jpg\">  \n\n        <\/div>\n        <!--end image-->\n\n        <!--start description and button-->\n        <div class=\"nd_options_bg_white nd_options_border_top_width_0 nd_options_border_4_solid_grey nd_options_section nd_options_box_sizing_border_box nd_options_padding_0_20 nd_options_border_radius_0_0_5_5 nd_options_text_align_center\">\n\n            <div class=\"nd_options_section\">\n                <div class=\"nd_options_section nd_options_height_10\"><\/div>\n                <h3 class=\"\"><\/h3>\n                <div class=\"nd_options_section nd_options_height_5\"><\/div>\n                <p><\/p>\n                <div class=\"nd_options_section nd_options_height_40\"><\/div>\n            <\/div>\n\n        <\/div>\n        <!--end description and button-->\n\n        <div class=\"nd_options_section nd_options_height_5\"><\/div>\n\n         <!--start description and button-->\n        <div class=\"nd_options_bg_white nd_options_border_4_solid_grey nd_options_section nd_options_box_sizing_border_box nd_options_border_radius_5 nd_options_text_align_center\">\n\n            <div style=\"margin-top: -32px; margin-bottom: 10px;\" class=\"nd_options_section nd_options_text_align_center\"><\/div>\n\n        <\/div>\n        <!--end description and button-->\n\n\n\n    <\/div>\n\n\n   [\/vc_column][\/vc_row]<\/p>","protected":false},"excerpt":{"rendered":"<p>[vc_row][vc_column width=&#8220;1\/2&#8243; css=&#8220;.vc_custom_1467214267244{padding-top: 10px !important;padding-bottom: 10px !important;}&#8220;][\/vc_column][vc_column width=&#8220;1\/2&#8243; css=&#8220;.vc_custom_1467214272039{padding-top: 10px !important;padding-bottom: 10px !important;}&#8220;][vc_column_text]Haben Sie Fragen oder w\u00fcnschen Sie einen Termin? Dann bin ich gerne f\u00fcr Sie da und berate Sie zu den M\u00f6glichkeiten eines passenden musikalischen Rahmens f\u00fcr Ihre Veranstaltung. Nutzen Sie doch gleich mein Anfrageformular f\u00fcr Ihre unverbindliche Kontaktaufnahme.[\/vc_column_text][vc_row_inner][vc_column_inner][\/vc_column_inner][\/vc_row_inner][vc_row_inner][vc_column_inner width=&#8220;1\/4&#8243;][vc_icon icon_fontawesome=&#8220;fab fa-facebook-square&#8220; align=&#8220;center&#8220; link=&#8220;url:https%3A%2F%2Fwww.facebook.com%2Fchrisderhochzeitsdj%2F||target:%20_blank|&#8220;][\/vc_column_inner][vc_column_inner [&hellip;]<\/p>","protected":false},"author":1,"featured_media":0,"parent":0,"menu_order":0,"comment_status":"closed","ping_status":"closed","template":"","meta":[],"yoast_head":"<!-- This site is optimized with the Yoast SEO plugin v14.1 - https:\/\/yoast.com\/wordpress\/plugins\/seo\/ -->\n<title>Kontakt - Chris der Hochzeits-DJ<\/title>\n<meta name=\"description\" content=\"Haben Sie Fragen oder w\u00fcnschen Sie einen Termin? Dann bin ich gerne f\u00fcr Sie da und berate Sie zu den M\u00f6glichkeiten f\u00fcr Ihre Veranstaltung.\" \/>\n<meta name=\"robots\" content=\"index, follow\" \/>\n<meta name=\"googlebot\" content=\"index, follow, max-snippet:-1, max-image-preview:large, max-video-preview:-1\" \/>\n<meta name=\"bingbot\" content=\"index, follow, max-snippet:-1, max-image-preview:large, max-video-preview:-1\" \/>\n<link rel=\"canonical\" href=\"https:\/\/chris-der-hochzeits-dj.de\/kontakt\/\" \/>\n<meta property=\"og:locale\" content=\"en_US\" \/>\n<meta property=\"og:type\" content=\"article\" \/>\n<meta property=\"og:title\" content=\"Kontakt - Chris der Hochzeits-DJ\" \/>\n<meta property=\"og:description\" content=\"Haben Sie Fragen oder w\u00fcnschen Sie einen Termin? Dann bin ich gerne f\u00fcr Sie da und berate Sie zu den M\u00f6glichkeiten f\u00fcr Ihre Veranstaltung.\" \/>\n<meta property=\"og:url\" content=\"https:\/\/chris-der-hochzeits-dj.de\/kontakt\/\" \/>\n<meta property=\"og:site_name\" content=\"Chris der Hochzeits-DJ\" \/>\n<meta property=\"article:modified_time\" content=\"2025-10-21T09:58:17+00:00\" \/>\n<meta name=\"twitter:card\" content=\"summary_large_image\" \/>\n<script type=\"application\/ld+json\" class=\"yoast-schema-graph\">{\"@context\":\"https:\/\/schema.org\",\"@graph\":[{\"@type\":\"WebSite\",\"@id\":\"https:\/\/chris-der-hochzeits-dj.de\/en_en\/#website\",\"url\":\"https:\/\/chris-der-hochzeits-dj.de\/en_en\/\",\"name\":\"Chris der Hochzeits-DJ\",\"description\":\"Your Dream Wedding\",\"potentialAction\":[{\"@type\":\"SearchAction\",\"target\":\"https:\/\/chris-der-hochzeits-dj.de\/en_en\/?s={search_term_string}\",\"query-input\":\"required name=search_term_string\"}],\"inLanguage\":\"en-US\"},{\"@type\":\"WebPage\",\"@id\":\"https:\/\/chris-der-hochzeits-dj.de\/kontakt\/#webpage\",\"url\":\"https:\/\/chris-der-hochzeits-dj.de\/kontakt\/\",\"name\":\"Kontakt - Chris der Hochzeits-DJ\",\"isPartOf\":{\"@id\":\"https:\/\/chris-der-hochzeits-dj.de\/en_en\/#website\"},\"datePublished\":\"2016-10-13T13:21:45+00:00\",\"dateModified\":\"2025-10-21T09:58:17+00:00\",\"description\":\"Haben Sie Fragen oder w\\u00fcnschen Sie einen Termin? Dann bin ich gerne f\\u00fcr Sie da und berate Sie zu den M\\u00f6glichkeiten f\\u00fcr Ihre Veranstaltung.\",\"inLanguage\":\"en-US\",\"potentialAction\":[{\"@type\":\"ReadAction\",\"target\":[\"https:\/\/chris-der-hochzeits-dj.de\/kontakt\/\"]}]}]}<\/script>\n<!-- \/ Yoast SEO plugin. -->","_links":{"self":[{"href":"https:\/\/chris-der-hochzeits-dj.de\/en_en\/wp-json\/wp\/v2\/pages\/487"}],"collection":[{"href":"https:\/\/chris-der-hochzeits-dj.de\/en_en\/wp-json\/wp\/v2\/pages"}],"about":[{"href":"https:\/\/chris-der-hochzeits-dj.de\/en_en\/wp-json\/wp\/v2\/types\/page"}],"author":[{"embeddable":true,"href":"https:\/\/chris-der-hochzeits-dj.de\/en_en\/wp-json\/wp\/v2\/users\/1"}],"replies":[{"embeddable":true,"href":"https:\/\/chris-der-hochzeits-dj.de\/en_en\/wp-json\/wp\/v2\/comments?post=487"}],"version-history":[{"count":42,"href":"https:\/\/chris-der-hochzeits-dj.de\/en_en\/wp-json\/wp\/v2\/pages\/487\/revisions"}],"predecessor-version":[{"id":1439,"href":"https:\/\/chris-der-hochzeits-dj.de\/en_en\/wp-json\/wp\/v2\/pages\/487\/revisions\/1439"}],"wp:attachment":[{"href":"https:\/\/chris-der-hochzeits-dj.de\/en_en\/wp-json\/wp\/v2\/media?parent=487"}],"curies":[{"name":"wp","href":"https:\/\/api.w.org\/{rel}","templated":true}]}}