{"id":1183,"date":"2020-02-20T13:38:11","date_gmt":"2020-02-20T12:38:11","guid":{"rendered":"https:\/\/chris-der-hochzeits-dj.de\/?page_id=1183"},"modified":"2025-01-20T10:30:45","modified_gmt":"2025-01-20T09:30:45","slug":"impressum","status":"publish","type":"page","link":"https:\/\/chris-der-hochzeits-dj.de\/en_en\/impressum\/","title":{"rendered":"Imprint"},"content":{"rendered":"<p>[vc_row][vc_column width=&#8220;1\/4&#8243;][vc_column_text]<\/p>\n<p style=\"vertical-align: top;\"><strong>Adresse:<\/strong><br \/>\nChristian Konrad<br \/>\nMemminger Stra\u00dfe 29<br \/>\n88481 Balzheim<br \/>\nTel.: <a class=\"climp\" href=\"tel:01792617225\">+49 (0)179 261 72 25 <\/a><br \/>\n<a href=\"mailto:kontakt@chris-der-hochzeits-dj.de\">kontakt@chris-der-hochzeits-dj.de<\/a><br \/>\n<a href=\"https:\/\/chris-der-hochzeits-dj.de\/en_en\/\" target=\"_blank\" rel=\"noopener noreferrer\">www.chris-der-hochzeits-dj.de<\/a><\/p>\n<p>&nbsp;<\/p>\n<p><strong>Verantwortlich f\u00fcr den<br \/>\nInhalt nach \u00a7 55 Abs. 2 RStV:<\/strong><br \/>\nChristian Konrad<br \/>\n(Adresse siehe oben)<\/p>\n<p>&nbsp;<\/p>\n<p><strong>Vertreten durch:<\/strong><br \/>\nChristian Konrad<\/p>\n<p>&nbsp;<\/p>\n<p><strong>Fotoarbeiten:<\/strong><br \/>\nChristian Konrad<\/p>\n<p>&nbsp;<\/p>\n<p><strong>Textarbeiten:<br \/>\n<\/strong>Christian Konrad[\/vc_column_text][\/vc_column][vc_column width=&#8220;3\/4&#8243;][vc_column_text]<\/p>\n<p style=\"text-align: justify;\"><strong>Information nach dem Verbraucherstreitbeilegungsgesetz: (VSBG)<\/strong><br \/>\nWir sind nicht bereit oder verpflichtet, an Streit-beilegungsverfahren vor einer Verbraucherschlichtungsstelle im Sinne des Verbraucher-streitbeilegungsgesetzes teilzunehmen.<\/p>\n<p style=\"text-align: justify;\"><strong>Haftung f\u00fcr Inhalte:<\/strong><br \/>\nDie Inhalte unserer Seiten wurden mit gr\u00f6\u00dfter Sorgfalt erstellt. F\u00fcr die Richtigkeit, Vollst\u00e4ndigkeit und Aktualit\u00e4t der Inhalte kann ich jedoch keine Gew\u00e4hr \u00fcbernehmen. Als Diensteanbieter bin ich gem\u00e4\u00df \u00a7 6 Abs.1 MDStV und \u00a7 8 Abs.1 TDG f\u00fcr eigene Inhalte auf diesen Seiten nach den allgemeinen Gesetzen verantwortlich. Dienste-anbieter sind jedoch nicht verpflichtet, die von ihnen \u00fcbermittelten oder gespeicherten fremden Informationen zu \u00fcberwachen oder nach Umst\u00e4nden zu forschen, die auf eine rechtswidrige T\u00e4tigkeit hinweisen. Verpflichtungen zur Entfernung oder Sperrung der Nutzung von Informationen nach den allgemeinen Gesetzen bleiben hiervon unber\u00fchrt. Eine diesbez\u00fcgliche Haftung ist jedoch erst ab dem Zeitpunkt der Kenntnis einer konkreten Rechtsverletzung m\u00f6glich. Bei bekannt werden von entsprechenden Rechtsverletzungen werde ich diese Inhalte umgehend entfernen.<\/p>\n<p style=\"text-align: justify;\"><strong>Haftung f\u00fcr Links:<\/strong><br \/>\nMein Angebot enth\u00e4lt Links zu externen Webseiten Dritter, auf deren Inhalte wir keinen Einfluss haben. Deshalb k\u00f6nnen wir f\u00fcr diese fremden Inhalte auch keine Gew\u00e4hr \u00fcbernehmen. F\u00fcr die Inhalte der verlinkten Seiten ist stets der jeweilige Anbieter oder Betreiber der Seiten verantwortlich. Die verlinkten Seiten wurden zum Zeitpunkt der Verlinkung auf m\u00f6gliche Rechtsverst\u00f6\u00dfe \u00fcberpr\u00fcft. Rechtswidrige Inhalte waren zum Zeitpunkt der Verlinkung nicht erkennbar. Eine permanente inhaltliche Kontrolle der verlinkten Seiten ist jedoch ohne konkrete Anhaltspunkte einer Rechtsverletzung nicht zumutbar. Bei bekannt werden von Rechts-verletzungen werde ich derartige Links umgehend entfernen.<\/p>\n<p style=\"text-align: justify;\"><strong>Urheberrecht:<\/strong><br \/>\nDer Betreiber der Seiten ist bem\u00fcht, stets die Urheberrechte anderer zu beachten bzw. auf selbst erstellte sowie lizenzfreie Werke zur\u00fcckzugreifen. Die durch den Seitenbetreiber erstellten Inhalte und Werke auf diesen Seiten unterliegen dem deutschen Urheberrecht. Beitr\u00e4ge Dritter sind als solche gekennzeichnet. Die Vervielf\u00e4ltigung, Bearbeitung, Verbreitung und jede Art der Verwertung au\u00dferhalb der Grenzen des Urheberrechtes bed\u00fcrfen der schriftlichen Zustimmung des jeweiligen Autors bzw. Erstellers. Downloads und Kopien dieser Seite sind nur f\u00fcr den privaten, nicht kommerziellen Gebrauch gestattet<\/p>\n<p>&nbsp;<\/p>\n<p>[\/vc_column_text][\/vc_column][\/vc_row]<\/p>","protected":false},"excerpt":{"rendered":"<p>[vc_row][vc_column width=&#8220;1\/4&#8243;][vc_column_text] Adresse: Christian Konrad Memminger Stra\u00dfe 29 88481 Balzheim Tel.: +49 (0)179 261 72 25 kontakt@chris-der-hochzeits-dj.de www.chris-der-hochzeits-dj.de &nbsp; Verantwortlich f\u00fcr den Inhalt nach \u00a7 55 Abs. 2 RStV: Christian Konrad (Adresse siehe oben) &nbsp; Vertreten durch: Christian Konrad &nbsp; Fotoarbeiten: Christian Konrad &nbsp; Textarbeiten: Christian Konrad[\/vc_column_text][\/vc_column][vc_column width=&#8220;3\/4&#8243;][vc_column_text] Information nach dem Verbraucherstreitbeilegungsgesetz: (VSBG) Wir sind [&hellip;]<\/p>","protected":false},"author":1,"featured_media":0,"parent":0,"menu_order":0,"comment_status":"closed","ping_status":"closed","template":"","meta":[],"yoast_head":"<!-- This site is optimized with the Yoast SEO plugin v14.1 - https:\/\/yoast.com\/wordpress\/plugins\/seo\/ -->\n<title>Impressum - Chris der Hochzeits-DJ<\/title>\n<meta name=\"robots\" content=\"index, follow\" \/>\n<meta name=\"googlebot\" content=\"index, follow, max-snippet:-1, max-image-preview:large, max-video-preview:-1\" \/>\n<meta name=\"bingbot\" content=\"index, follow, max-snippet:-1, max-image-preview:large, max-video-preview:-1\" \/>\n<link rel=\"canonical\" href=\"https:\/\/chris-der-hochzeits-dj.de\/impressum\/\" \/>\n<meta property=\"og:locale\" content=\"en_US\" \/>\n<meta property=\"og:type\" content=\"article\" \/>\n<meta property=\"og:title\" content=\"Impressum - Chris der Hochzeits-DJ\" \/>\n<meta property=\"og:description\" content=\"[vc_row][vc_column width=&#8220;1\/4&#8243;][vc_column_text] Adresse: Christian Konrad Memminger Stra\u00dfe 29 88481 Balzheim Tel.: +49 (0)179 261 72 25 kontakt@chris-der-hochzeits-dj.de www.chris-der-hochzeits-dj.de &nbsp; Verantwortlich f\u00fcr den Inhalt nach \u00a7 55 Abs. 2 RStV: Christian Konrad (Adresse siehe oben) &nbsp; Vertreten durch: Christian Konrad &nbsp; Fotoarbeiten: Christian Konrad &nbsp; Textarbeiten: Christian Konrad[\/vc_column_text][\/vc_column][vc_column width=&#8220;3\/4&#8243;][vc_column_text] Information nach dem Verbraucherstreitbeilegungsgesetz: (VSBG) Wir sind [&hellip;]\" \/>\n<meta property=\"og:url\" content=\"https:\/\/chris-der-hochzeits-dj.de\/impressum\/\" \/>\n<meta property=\"og:site_name\" content=\"Chris der Hochzeits-DJ\" \/>\n<meta property=\"article:modified_time\" content=\"2025-01-20T09:30:45+00:00\" \/>\n<meta name=\"twitter:card\" content=\"summary_large_image\" \/>\n<script type=\"application\/ld+json\" class=\"yoast-schema-graph\">{\"@context\":\"https:\/\/schema.org\",\"@graph\":[{\"@type\":\"WebSite\",\"@id\":\"https:\/\/chris-der-hochzeits-dj.de\/en_en\/#website\",\"url\":\"https:\/\/chris-der-hochzeits-dj.de\/en_en\/\",\"name\":\"Chris der Hochzeits-DJ\",\"description\":\"Your Dream Wedding\",\"potentialAction\":[{\"@type\":\"SearchAction\",\"target\":\"https:\/\/chris-der-hochzeits-dj.de\/en_en\/?s={search_term_string}\",\"query-input\":\"required name=search_term_string\"}],\"inLanguage\":\"en-US\"},{\"@type\":\"WebPage\",\"@id\":\"https:\/\/chris-der-hochzeits-dj.de\/impressum\/#webpage\",\"url\":\"https:\/\/chris-der-hochzeits-dj.de\/impressum\/\",\"name\":\"Impressum - Chris der Hochzeits-DJ\",\"isPartOf\":{\"@id\":\"https:\/\/chris-der-hochzeits-dj.de\/en_en\/#website\"},\"datePublished\":\"2020-02-20T12:38:11+00:00\",\"dateModified\":\"2025-01-20T09:30:45+00:00\",\"inLanguage\":\"en-US\",\"potentialAction\":[{\"@type\":\"ReadAction\",\"target\":[\"https:\/\/chris-der-hochzeits-dj.de\/impressum\/\"]}]}]}<\/script>\n<!-- \/ Yoast SEO plugin. -->","_links":{"self":[{"href":"https:\/\/chris-der-hochzeits-dj.de\/en_en\/wp-json\/wp\/v2\/pages\/1183"}],"collection":[{"href":"https:\/\/chris-der-hochzeits-dj.de\/en_en\/wp-json\/wp\/v2\/pages"}],"about":[{"href":"https:\/\/chris-der-hochzeits-dj.de\/en_en\/wp-json\/wp\/v2\/types\/page"}],"author":[{"embeddable":true,"href":"https:\/\/chris-der-hochzeits-dj.de\/en_en\/wp-json\/wp\/v2\/users\/1"}],"replies":[{"embeddable":true,"href":"https:\/\/chris-der-hochzeits-dj.de\/en_en\/wp-json\/wp\/v2\/comments?post=1183"}],"version-history":[{"count":12,"href":"https:\/\/chris-der-hochzeits-dj.de\/en_en\/wp-json\/wp\/v2\/pages\/1183\/revisions"}],"predecessor-version":[{"id":1456,"href":"https:\/\/chris-der-hochzeits-dj.de\/en_en\/wp-json\/wp\/v2\/pages\/1183\/revisions\/1456"}],"wp:attachment":[{"href":"https:\/\/chris-der-hochzeits-dj.de\/en_en\/wp-json\/wp\/v2\/media?parent=1183"}],"curies":[{"name":"wp","href":"https:\/\/api.w.org\/{rel}","templated":true}]}}